{"id":69,"date":"2024-07-22T13:13:44","date_gmt":"2024-07-22T11:13:44","guid":{"rendered":"https:\/\/lilyriding.com\/?page_id=69"},"modified":"2024-12-07T13:29:23","modified_gmt":"2024-12-07T12:29:23","slug":"my-christmas-chocolate","status":"publish","type":"page","link":"https:\/\/lilyriding.com\/index.php\/my-christmas-chocolate\/","title":{"rendered":"My Christmas Chocolate"},"content":{"rendered":"\n<div class=\"wp-block-columns is-layout-flex wp-container-core-columns-layout-1 wp-block-columns-is-layout-flex\">\n<div class=\"wp-block-column is-layout-flow wp-block-column-is-layout-flow\">\n<figure class=\"wp-block-image size-full\"><img loading=\"lazy\" decoding=\"async\" width=\"482\" height=\"726\" src=\"https:\/\/lilyriding.com\/wp-content\/uploads\/2024\/07\/My-Christmas-Chocolate-couv-1.png\" alt=\"\" class=\"wp-image-70\" srcset=\"https:\/\/lilyriding.com\/wp-content\/uploads\/2024\/07\/My-Christmas-Chocolate-couv-1.png 482w, https:\/\/lilyriding.com\/wp-content\/uploads\/2024\/07\/My-Christmas-Chocolate-couv-1-199x300.png 199w\" sizes=\"(max-width: 482px) 100vw, 482px\" \/><\/figure>\n<\/div>\n\n\n\n<div class=\"wp-block-column is-layout-flow wp-block-column-is-layout-flow\">\n<p><strong><em>Et si une annulation de vol vous faisait rencontrer l\u2019homme de votre vie&nbsp;? <\/em><\/strong><\/p>\n\n\n\n<ul>\n<li>Grumpy Sunshine<\/li>\n\n\n\n<li>Gay for you<\/li>\n\n\n\n<li>Chocolat<\/li>\n\n\n\n<li>Avion annul\u00e9<\/li>\n\n\n\n<li>Chocolat<\/li>\n\n\n\n<li>Only one bed<\/li>\n\n\n\n<li>Chocolat<\/li>\n<\/ul>\n\n\n\n<p><a href=\"https:\/\/www.amazon.fr\/Christmas-Chocolate-Love-%C3%A9dition-fran%C3%A7aise-ebook\/dp\/B0DHS4RKDF?ref_=ast_author_dp\" title=\"\">Disponible : en reli\u00e9, broch\u00e9, e-book et dans l&#8217;abonnement Kindle<\/a><\/p>\n\n\n\n<p>Pour d\u00e9couvrir gratuitement les deux premiers chapitres, <a href=\"https:\/\/e97b6bcc.sibforms.com\/serve\/MUIFAInKyEAs4bJyZmVcNZQrQRDIE9RverQuIW7dsaUoKvevZ59ZDLGwzi6Z2Uog2vdk-VUoJQ2CvzoWs-aLWcQpKEKDAiRUyFPwO9nB-q7UvkfwvMOov3MpRtmveYOQNYPxq0S1HcpuRsRQ3eg3Un_pxYbWRZXILM0KZPFnoqAIfZCRohWDISSqfxehajj_vp9VSfhF7lfS9Vic\" title=\"\">inscris-toi \u00e0 ma Newsletter<\/a><\/p>\n<\/div>\n<\/div>\n\n\n\n<div class=\"wp-block-columns is-layout-flex wp-container-core-columns-layout-2 wp-block-columns-is-layout-flex\">\n<div class=\"wp-block-column is-layout-flow wp-block-column-is-layout-flow\">\n<p>Et si une annulation de vol vous faisait rencontrer l\u2019homme de votre vie&nbsp;? Pour Quinn et Weston, en tout cas, c\u2019est mal parti.<\/p>\n\n\n\n<p>Si le premier est un amoureux fou de No\u00ebl, pour le second, cette p\u00e9riode n\u2019est qu\u2019un chiffre d\u2019affaires. Alors quand ils se retrouvent \u00e0 devoir partager une voiture pour rentrer \u00e0 Toronto, chacun se retrouve plong\u00e9 dans son enfer personnel.<\/p>\n\n\n\n<p>Un enfer qui doit durer neuf heures. Du moins, c\u2019est ce qui est pr\u00e9vu\u2026<\/p>\n\n\n\n<p>Entre p\u00e9rip\u00e9ties et d\u00e9couvertes, le lutin autoproclam\u00e9 du p\u00e8re No\u00ebl et monsieur Grincheux vont d\u00e9couvrir bien plus que l\u2019esprit de No\u00ebl.<\/p>\n<\/div>\n\n\n\n<div class=\"wp-block-column is-layout-flow wp-block-column-is-layout-flow\">\n<figure class=\"wp-block-image size-large\"><img loading=\"lazy\" decoding=\"async\" width=\"683\" height=\"1024\" src=\"https:\/\/lilyriding.com\/wp-content\/uploads\/2024\/07\/ILLUSTRATION_VOITURE_NB-1-683x1024.jpg\" alt=\"\" class=\"wp-image-100\" srcset=\"https:\/\/lilyriding.com\/wp-content\/uploads\/2024\/07\/ILLUSTRATION_VOITURE_NB-1-683x1024.jpg 683w, https:\/\/lilyriding.com\/wp-content\/uploads\/2024\/07\/ILLUSTRATION_VOITURE_NB-1-200x300.jpg 200w, https:\/\/lilyriding.com\/wp-content\/uploads\/2024\/07\/ILLUSTRATION_VOITURE_NB-1-768x1152.jpg 768w, https:\/\/lilyriding.com\/wp-content\/uploads\/2024\/07\/ILLUSTRATION_VOITURE_NB-1-1024x1536.jpg 1024w, https:\/\/lilyriding.com\/wp-content\/uploads\/2024\/07\/ILLUSTRATION_VOITURE_NB-1-1366x2048.jpg 1366w, https:\/\/lilyriding.com\/wp-content\/uploads\/2024\/07\/ILLUSTRATION_VOITURE_NB-1-1140x1710.jpg 1140w, https:\/\/lilyriding.com\/wp-content\/uploads\/2024\/07\/ILLUSTRATION_VOITURE_NB-1-600x900.jpg 600w, https:\/\/lilyriding.com\/wp-content\/uploads\/2024\/07\/ILLUSTRATION_VOITURE_NB-1-scaled.jpg 1707w\" sizes=\"(max-width: 683px) 100vw, 683px\" \/><\/figure>\n<\/div>\n<\/div>\n\n\n\n<hr class=\"wp-block-separator has-alpha-channel-opacity\"\/>\n\n\n\n<p class=\"has-text-align-center\"><strong><em>Les lecteurs en parlent <\/em><\/strong><\/p>\n\n\n\n<figure class=\"wp-block-image size-large\"><img loading=\"lazy\" decoding=\"async\" width=\"1024\" height=\"289\" src=\"https:\/\/lilyriding.com\/wp-content\/uploads\/2024\/12\/Capture-decran-2024-12-07-a-13.23.03-1024x289.png\" alt=\"\" class=\"wp-image-196\" srcset=\"https:\/\/lilyriding.com\/wp-content\/uploads\/2024\/12\/Capture-decran-2024-12-07-a-13.23.03-1024x289.png 1024w, https:\/\/lilyriding.com\/wp-content\/uploads\/2024\/12\/Capture-decran-2024-12-07-a-13.23.03-300x85.png 300w, https:\/\/lilyriding.com\/wp-content\/uploads\/2024\/12\/Capture-decran-2024-12-07-a-13.23.03-768x217.png 768w, https:\/\/lilyriding.com\/wp-content\/uploads\/2024\/12\/Capture-decran-2024-12-07-a-13.23.03-1140x322.png 1140w, https:\/\/lilyriding.com\/wp-content\/uploads\/2024\/12\/Capture-decran-2024-12-07-a-13.23.03-600x169.png 600w, https:\/\/lilyriding.com\/wp-content\/uploads\/2024\/12\/Capture-decran-2024-12-07-a-13.23.03.png 1275w\" sizes=\"(max-width: 1024px) 100vw, 1024px\" \/><\/figure>\n\n\n\n<figure class=\"wp-block-image size-large\"><img loading=\"lazy\" decoding=\"async\" width=\"1024\" height=\"572\" src=\"https:\/\/lilyriding.com\/wp-content\/uploads\/2024\/12\/Capture-decran-2024-12-07-a-13.24.45-1024x572.png\" alt=\"\" class=\"wp-image-197\" srcset=\"https:\/\/lilyriding.com\/wp-content\/uploads\/2024\/12\/Capture-decran-2024-12-07-a-13.24.45-1024x572.png 1024w, https:\/\/lilyriding.com\/wp-content\/uploads\/2024\/12\/Capture-decran-2024-12-07-a-13.24.45-300x168.png 300w, https:\/\/lilyriding.com\/wp-content\/uploads\/2024\/12\/Capture-decran-2024-12-07-a-13.24.45-768x429.png 768w, https:\/\/lilyriding.com\/wp-content\/uploads\/2024\/12\/Capture-decran-2024-12-07-a-13.24.45-1140x637.png 1140w, https:\/\/lilyriding.com\/wp-content\/uploads\/2024\/12\/Capture-decran-2024-12-07-a-13.24.45-600x335.png 600w, https:\/\/lilyriding.com\/wp-content\/uploads\/2024\/12\/Capture-decran-2024-12-07-a-13.24.45.png 1475w\" sizes=\"(max-width: 1024px) 100vw, 1024px\" \/><\/figure>\n\n\n\n<figure class=\"wp-block-image size-large\"><img loading=\"lazy\" decoding=\"async\" width=\"1024\" height=\"519\" src=\"https:\/\/lilyriding.com\/wp-content\/uploads\/2024\/12\/Capture-decran-2024-12-07-a-13.25.41-1024x519.png\" alt=\"\" class=\"wp-image-198\" srcset=\"https:\/\/lilyriding.com\/wp-content\/uploads\/2024\/12\/Capture-decran-2024-12-07-a-13.25.41-1024x519.png 1024w, https:\/\/lilyriding.com\/wp-content\/uploads\/2024\/12\/Capture-decran-2024-12-07-a-13.25.41-300x152.png 300w, https:\/\/lilyriding.com\/wp-content\/uploads\/2024\/12\/Capture-decran-2024-12-07-a-13.25.41-768x389.png 768w, https:\/\/lilyriding.com\/wp-content\/uploads\/2024\/12\/Capture-decran-2024-12-07-a-13.25.41-1140x578.png 1140w, https:\/\/lilyriding.com\/wp-content\/uploads\/2024\/12\/Capture-decran-2024-12-07-a-13.25.41-600x304.png 600w, https:\/\/lilyriding.com\/wp-content\/uploads\/2024\/12\/Capture-decran-2024-12-07-a-13.25.41.png 1412w\" sizes=\"(max-width: 1024px) 100vw, 1024px\" \/><\/figure>\n\n\n\n<figure class=\"wp-block-image size-large\"><img loading=\"lazy\" decoding=\"async\" width=\"1024\" height=\"339\" src=\"https:\/\/lilyriding.com\/wp-content\/uploads\/2024\/12\/Capture-decran-2024-12-07-a-13.26.48-1024x339.png\" alt=\"\" class=\"wp-image-199\" srcset=\"https:\/\/lilyriding.com\/wp-content\/uploads\/2024\/12\/Capture-decran-2024-12-07-a-13.26.48-1024x339.png 1024w, https:\/\/lilyriding.com\/wp-content\/uploads\/2024\/12\/Capture-decran-2024-12-07-a-13.26.48-300x99.png 300w, https:\/\/lilyriding.com\/wp-content\/uploads\/2024\/12\/Capture-decran-2024-12-07-a-13.26.48-768x254.png 768w, https:\/\/lilyriding.com\/wp-content\/uploads\/2024\/12\/Capture-decran-2024-12-07-a-13.26.48-1536x509.png 1536w, https:\/\/lilyriding.com\/wp-content\/uploads\/2024\/12\/Capture-decran-2024-12-07-a-13.26.48-1140x378.png 1140w, https:\/\/lilyriding.com\/wp-content\/uploads\/2024\/12\/Capture-decran-2024-12-07-a-13.26.48-600x199.png 600w, https:\/\/lilyriding.com\/wp-content\/uploads\/2024\/12\/Capture-decran-2024-12-07-a-13.26.48.png 1983w\" sizes=\"(max-width: 1024px) 100vw, 1024px\" \/><\/figure>\n\n\n\n<figure class=\"wp-block-image size-large\"><img loading=\"lazy\" decoding=\"async\" width=\"1024\" height=\"469\" src=\"https:\/\/lilyriding.com\/wp-content\/uploads\/2024\/12\/Capture-decran-2024-12-07-a-13.27.41-1024x469.png\" alt=\"\" class=\"wp-image-200\" srcset=\"https:\/\/lilyriding.com\/wp-content\/uploads\/2024\/12\/Capture-decran-2024-12-07-a-13.27.41-1024x469.png 1024w, https:\/\/lilyriding.com\/wp-content\/uploads\/2024\/12\/Capture-decran-2024-12-07-a-13.27.41-300x137.png 300w, https:\/\/lilyriding.com\/wp-content\/uploads\/2024\/12\/Capture-decran-2024-12-07-a-13.27.41-768x352.png 768w, https:\/\/lilyriding.com\/wp-content\/uploads\/2024\/12\/Capture-decran-2024-12-07-a-13.27.41-1536x704.png 1536w, https:\/\/lilyriding.com\/wp-content\/uploads\/2024\/12\/Capture-decran-2024-12-07-a-13.27.41-1140x522.png 1140w, https:\/\/lilyriding.com\/wp-content\/uploads\/2024\/12\/Capture-decran-2024-12-07-a-13.27.41-600x275.png 600w, https:\/\/lilyriding.com\/wp-content\/uploads\/2024\/12\/Capture-decran-2024-12-07-a-13.27.41.png 1975w\" sizes=\"(max-width: 1024px) 100vw, 1024px\" \/><\/figure>\n\n\n\n<figure class=\"wp-block-image size-large\"><img loading=\"lazy\" decoding=\"async\" width=\"1024\" height=\"454\" src=\"https:\/\/lilyriding.com\/wp-content\/uploads\/2024\/12\/Capture-decran-2024-12-07-a-13.28.26-1024x454.png\" alt=\"\" class=\"wp-image-201\" srcset=\"https:\/\/lilyriding.com\/wp-content\/uploads\/2024\/12\/Capture-decran-2024-12-07-a-13.28.26-1024x454.png 1024w, https:\/\/lilyriding.com\/wp-content\/uploads\/2024\/12\/Capture-decran-2024-12-07-a-13.28.26-300x133.png 300w, https:\/\/lilyriding.com\/wp-content\/uploads\/2024\/12\/Capture-decran-2024-12-07-a-13.28.26-768x340.png 768w, https:\/\/lilyriding.com\/wp-content\/uploads\/2024\/12\/Capture-decran-2024-12-07-a-13.28.26-1536x680.png 1536w, https:\/\/lilyriding.com\/wp-content\/uploads\/2024\/12\/Capture-decran-2024-12-07-a-13.28.26-1140x505.png 1140w, https:\/\/lilyriding.com\/wp-content\/uploads\/2024\/12\/Capture-decran-2024-12-07-a-13.28.26-600x266.png 600w, https:\/\/lilyriding.com\/wp-content\/uploads\/2024\/12\/Capture-decran-2024-12-07-a-13.28.26.png 1948w\" sizes=\"(max-width: 1024px) 100vw, 1024px\" \/><\/figure>\n","protected":false},"excerpt":{"rendered":"<p>Et si une annulation de vol vous faisait rencontrer l\u2019homme de votre vie&nbsp;? Disponible : en reli\u00e9, broch\u00e9, e-book et dans l&#8217;abonnement Kindle Pour d\u00e9couvrir gratuitement les deux premiers chapitres, inscris-toi \u00e0 ma Newsletter Et si une annulation de vol vous faisait rencontrer l\u2019homme de votre vie&nbsp;? Pour Quinn et Weston, en tout cas, c\u2019est mal parti. Si le premier est un amoureux fou de No\u00ebl, pour le second, cette p\u00e9riode n\u2019est qu\u2019un chiffre d\u2019affaires. Alors quand ils se retrouvent \u00e0 devoir partager une voiture pour rentrer \u00e0 Toronto, chacun se retrouve plong\u00e9 dans son enfer personnel. Un enfer qui doit durer neuf heures. Du moins, c\u2019est ce qui est pr\u00e9vu\u2026 Entre p\u00e9rip\u00e9ties et d\u00e9couvertes, le lutin autoproclam\u00e9 du p\u00e8re No\u00ebl et monsieur Grincheux vont d\u00e9couvrir bien plus que l\u2019esprit de No\u00ebl. Les lecteurs en parlent<\/p>\n","protected":false},"author":1,"featured_media":0,"parent":0,"menu_order":0,"comment_status":"closed","ping_status":"closed","template":"","meta":{"om_disable_all_campaigns":false,"_monsterinsights_skip_tracking":false,"_monsterinsights_sitenote_active":false,"_monsterinsights_sitenote_note":"","_monsterinsights_sitenote_category":0,"footnotes":""},"aioseo_notices":[],"_links":{"self":[{"href":"https:\/\/lilyriding.com\/index.php\/wp-json\/wp\/v2\/pages\/69"}],"collection":[{"href":"https:\/\/lilyriding.com\/index.php\/wp-json\/wp\/v2\/pages"}],"about":[{"href":"https:\/\/lilyriding.com\/index.php\/wp-json\/wp\/v2\/types\/page"}],"author":[{"embeddable":true,"href":"https:\/\/lilyriding.com\/index.php\/wp-json\/wp\/v2\/users\/1"}],"replies":[{"embeddable":true,"href":"https:\/\/lilyriding.com\/index.php\/wp-json\/wp\/v2\/comments?post=69"}],"version-history":[{"count":6,"href":"https:\/\/lilyriding.com\/index.php\/wp-json\/wp\/v2\/pages\/69\/revisions"}],"predecessor-version":[{"id":202,"href":"https:\/\/lilyriding.com\/index.php\/wp-json\/wp\/v2\/pages\/69\/revisions\/202"}],"wp:attachment":[{"href":"https:\/\/lilyriding.com\/index.php\/wp-json\/wp\/v2\/media?parent=69"}],"curies":[{"name":"wp","href":"https:\/\/api.w.org\/{rel}","templated":true}]}}