{"id":227,"date":"2025-05-23T21:19:37","date_gmt":"2025-05-23T19:19:37","guid":{"rendered":"https:\/\/lilyriding.com\/?page_id=227"},"modified":"2025-08-20T21:21:36","modified_gmt":"2025-08-20T19:21:36","slug":"my-loving-chocolate","status":"publish","type":"page","link":"https:\/\/lilyriding.com\/index.php\/my-loving-chocolate\/","title":{"rendered":"My Loving Chocolate"},"content":{"rendered":"\n<div class=\"wp-block-columns is-layout-flex wp-container-core-columns-layout-1 wp-block-columns-is-layout-flex\">\n<div class=\"wp-block-column is-layout-flow wp-block-column-is-layout-flow\"><div class=\"wp-block-image\">\n<figure class=\"aligncenter size-large is-resized\"><img loading=\"lazy\" decoding=\"async\" width=\"640\" height=\"1024\" src=\"https:\/\/lilyriding.com\/wp-content\/uploads\/2025\/05\/Ebook_cover_RVB-640x1024.jpg\" alt=\"\" class=\"wp-image-228\" style=\"width:306px;height:auto\" srcset=\"https:\/\/lilyriding.com\/wp-content\/uploads\/2025\/05\/Ebook_cover_RVB-640x1024.jpg 640w, https:\/\/lilyriding.com\/wp-content\/uploads\/2025\/05\/Ebook_cover_RVB-188x300.jpg 188w, https:\/\/lilyriding.com\/wp-content\/uploads\/2025\/05\/Ebook_cover_RVB-768x1229.jpg 768w, https:\/\/lilyriding.com\/wp-content\/uploads\/2025\/05\/Ebook_cover_RVB-960x1536.jpg 960w, https:\/\/lilyriding.com\/wp-content\/uploads\/2025\/05\/Ebook_cover_RVB-1280x2048.jpg 1280w, https:\/\/lilyriding.com\/wp-content\/uploads\/2025\/05\/Ebook_cover_RVB-1140x1824.jpg 1140w, https:\/\/lilyriding.com\/wp-content\/uploads\/2025\/05\/Ebook_cover_RVB-600x960.jpg 600w, https:\/\/lilyriding.com\/wp-content\/uploads\/2025\/05\/Ebook_cover_RVB.jpg 1600w\" sizes=\"(max-width: 640px) 100vw, 640px\" \/><\/figure><\/div><\/div>\n\n\n\n<div class=\"wp-block-column is-layout-flow wp-block-column-is-layout-flow\">\n<p><strong><mark style=\"background-color:#ffffff\" class=\"has-inline-color has-black-color\">Leur bonheur est \u00e0 port\u00e9e de doigts, encore faut-il qu\u2019ils fassent le bon choix.<\/mark><\/strong><\/p>\n\n\n\n<ul>\n<li>Coup de foudre<\/li>\n\n\n\n<li>Secrets<\/li>\n\n\n\n<li>Mauvaises d\u00e9cisions<\/li>\n<\/ul>\n\n\n\n<p><a href=\"https:\/\/lilyriding.sumupstore.com\/produits\" title=\"\">Commande papier sur ma boutique<\/a> (18\u20ac broch\u00e9)<\/p>\n\n\n\n<p><a href=\"https:\/\/www.amazon.fr\/Loving-chocolate-Chocolate-fran%C3%A7aise-contemporaine-ebook\/dp\/B0F7HK6MFY\/ref=sr_1_1?crid=QIKGD7FJXNM9&amp;dib=eyJ2IjoiMSJ9._2oDVOxSOXyX8wYqHtapMkVvTc9gMJ7UnEXZPKMsNg55gpswlVhuV-tUhwitXi-ZsL0we6OX4rg4LnZuMyc8RTj50O10cdHkxAmGOp46NgkjYSgr9u1vX9knRsUe10x6Gd6R3S5xZikT_il_l7FTV2F-lixEK53zIFkW2VqarCKr7xpG5BD8AbSiJzpYw9Ev1oQTFzQJgt9vUIjQEr_wFbsksmRDko0iFcSbwRO4P9OQ21vz3sg6_nuN09xyydMJ.TTzxIFddcUiAuLD8nLc5PS_too3wn1zafO55PT28We0&amp;dib_tag=se&amp;keywords=lily+riding&amp;qid=1747206752&amp;sprefix=lily+r%2Caps%2C191&amp;sr=8-1\" title=\"\">Commande num\u00e9rique (4,99\u20ac) et kindle <\/a><\/p>\n<\/div>\n<\/div>\n\n\n\n<div class=\"wp-block-columns is-layout-flex wp-container-core-columns-layout-2 wp-block-columns-is-layout-flex\">\n<div class=\"wp-block-column is-layout-flow wp-block-column-is-layout-flow\">\n<p><strong>Tout allait bien. Jusqu\u2019\u00e0 ce que les beaux-parents d\u00e9barquent sans pr\u00e9venir.<\/strong><br><br>D\u00e8s leur rencontre, c\u2019est le coup de foudre entre Brad et Yanis. Les semaines passent, ils s\u2019aiment de plus en plus. Mais quand les parents de Yanis traversent l\u2019oc\u00e9an pour une visite surprise, le monde de Brad s\u2019effondre et de vieux conflits leur font encha\u00eener les mauvaises d\u00e9cisions. Non-dits, mensonges, pass\u00e9 non r\u00e9solu, Brad et Yanis r\u00e9ussiront-ils \u00e0 se retrouver ?<br><br><strong>Leur bonheur est \u00e0 port\u00e9e de doigts, encore faut-il qu\u2019ils fassent le bon choix.<\/strong><\/p>\n<\/div>\n\n\n\n<div class=\"wp-block-column is-layout-flow wp-block-column-is-layout-flow\">\n<figure class=\"wp-block-image size-large is-resized\"><img loading=\"lazy\" decoding=\"async\" width=\"730\" height=\"1024\" src=\"https:\/\/lilyriding.com\/wp-content\/uploads\/2025\/05\/ILLU_INTERIEUR_NB-730x1024.jpg\" alt=\"\" class=\"wp-image-229\" style=\"width:316px;height:auto\" srcset=\"https:\/\/lilyriding.com\/wp-content\/uploads\/2025\/05\/ILLU_INTERIEUR_NB-730x1024.jpg 730w, https:\/\/lilyriding.com\/wp-content\/uploads\/2025\/05\/ILLU_INTERIEUR_NB-214x300.jpg 214w, https:\/\/lilyriding.com\/wp-content\/uploads\/2025\/05\/ILLU_INTERIEUR_NB-768x1077.jpg 768w, https:\/\/lilyriding.com\/wp-content\/uploads\/2025\/05\/ILLU_INTERIEUR_NB-1095x1536.jpg 1095w, https:\/\/lilyriding.com\/wp-content\/uploads\/2025\/05\/ILLU_INTERIEUR_NB-1460x2048.jpg 1460w, https:\/\/lilyriding.com\/wp-content\/uploads\/2025\/05\/ILLU_INTERIEUR_NB-1140x1599.jpg 1140w, https:\/\/lilyriding.com\/wp-content\/uploads\/2025\/05\/ILLU_INTERIEUR_NB-600x841.jpg 600w, https:\/\/lilyriding.com\/wp-content\/uploads\/2025\/05\/ILLU_INTERIEUR_NB-scaled.jpg 1825w\" sizes=\"(max-width: 730px) 100vw, 730px\" \/><\/figure>\n<\/div>\n<\/div>\n\n\n\n<h2 class=\"wp-block-heading\">Les lecteurs en parlent<\/h2>\n\n\n\n<figure class=\"wp-block-image size-large is-resized\"><img loading=\"lazy\" decoding=\"async\" width=\"1024\" height=\"314\" src=\"https:\/\/lilyriding.com\/wp-content\/uploads\/2025\/06\/Capture-decran-2025-06-28-a-16.35.53-1024x314.png\" alt=\"\" class=\"wp-image-240\" style=\"width:636px;height:auto\" srcset=\"https:\/\/lilyriding.com\/wp-content\/uploads\/2025\/06\/Capture-decran-2025-06-28-a-16.35.53-1024x314.png 1024w, https:\/\/lilyriding.com\/wp-content\/uploads\/2025\/06\/Capture-decran-2025-06-28-a-16.35.53-300x92.png 300w, https:\/\/lilyriding.com\/wp-content\/uploads\/2025\/06\/Capture-decran-2025-06-28-a-16.35.53-768x235.png 768w, https:\/\/lilyriding.com\/wp-content\/uploads\/2025\/06\/Capture-decran-2025-06-28-a-16.35.53-1140x349.png 1140w, https:\/\/lilyriding.com\/wp-content\/uploads\/2025\/06\/Capture-decran-2025-06-28-a-16.35.53-600x184.png 600w, https:\/\/lilyriding.com\/wp-content\/uploads\/2025\/06\/Capture-decran-2025-06-28-a-16.35.53.png 1390w\" sizes=\"(max-width: 1024px) 100vw, 1024px\" \/><\/figure>\n\n\n\n<figure class=\"wp-block-image size-large is-resized\"><img loading=\"lazy\" decoding=\"async\" width=\"1024\" height=\"598\" src=\"https:\/\/lilyriding.com\/wp-content\/uploads\/2025\/06\/Capture-decran-2025-06-28-a-16.37.55-1024x598.png\" alt=\"\" class=\"wp-image-241\" style=\"width:685px;height:auto\" srcset=\"https:\/\/lilyriding.com\/wp-content\/uploads\/2025\/06\/Capture-decran-2025-06-28-a-16.37.55-1024x598.png 1024w, https:\/\/lilyriding.com\/wp-content\/uploads\/2025\/06\/Capture-decran-2025-06-28-a-16.37.55-300x175.png 300w, https:\/\/lilyriding.com\/wp-content\/uploads\/2025\/06\/Capture-decran-2025-06-28-a-16.37.55-768x448.png 768w, https:\/\/lilyriding.com\/wp-content\/uploads\/2025\/06\/Capture-decran-2025-06-28-a-16.37.55-1140x666.png 1140w, https:\/\/lilyriding.com\/wp-content\/uploads\/2025\/06\/Capture-decran-2025-06-28-a-16.37.55-600x350.png 600w, https:\/\/lilyriding.com\/wp-content\/uploads\/2025\/06\/Capture-decran-2025-06-28-a-16.37.55.png 1425w\" sizes=\"(max-width: 1024px) 100vw, 1024px\" \/><\/figure>\n\n\n\n<figure class=\"wp-block-image size-large is-resized\"><img loading=\"lazy\" decoding=\"async\" width=\"1024\" height=\"530\" src=\"https:\/\/lilyriding.com\/wp-content\/uploads\/2025\/06\/Capture-decran-2025-06-28-a-16.38.35-1024x530.png\" alt=\"\" class=\"wp-image-242\" style=\"width:607px;height:auto\" srcset=\"https:\/\/lilyriding.com\/wp-content\/uploads\/2025\/06\/Capture-decran-2025-06-28-a-16.38.35-1024x530.png 1024w, https:\/\/lilyriding.com\/wp-content\/uploads\/2025\/06\/Capture-decran-2025-06-28-a-16.38.35-300x155.png 300w, https:\/\/lilyriding.com\/wp-content\/uploads\/2025\/06\/Capture-decran-2025-06-28-a-16.38.35-768x398.png 768w, https:\/\/lilyriding.com\/wp-content\/uploads\/2025\/06\/Capture-decran-2025-06-28-a-16.38.35-1140x590.png 1140w, https:\/\/lilyriding.com\/wp-content\/uploads\/2025\/06\/Capture-decran-2025-06-28-a-16.38.35-600x311.png 600w, https:\/\/lilyriding.com\/wp-content\/uploads\/2025\/06\/Capture-decran-2025-06-28-a-16.38.35.png 1431w\" sizes=\"(max-width: 1024px) 100vw, 1024px\" \/><\/figure>\n\n\n\n<h2 class=\"wp-block-heading\">Lire My Loving Chocolate<\/h2>\n\n\n\n<p><a href=\"https:\/\/lilyriding.sumupstore.com\/article\/my-loving-chocolate-chocolate-in-love-tome-2-broche\" title=\"\">Version Papier<\/a><\/p>\n\n\n\n<p><a href=\"https:\/\/www.amazon.fr\/Loving-chocolate-Chocolate-fran%C3%A7aise-contemporaine-ebook\/dp\/B0F7HK6MFY\/ref=sr_1_1?crid=QIKGD7FJXNM9&amp;dib=eyJ2IjoiMSJ9._2oDVOxSOXyX8wYqHtapMkVvTc9gMJ7UnEXZPKMsNg55gpswlVhuV-tUhwitXi-ZsL0we6OX4rg4LnZuMyc8RTj50O10cdHkxAmGOp46NgkjYSgr9u1vX9knRsUe10x6Gd6R3S5xZikT_il_l7FTV2F-lixEK53zIFkW2VqarCKr7xpG5BD8AbSiJzpYw9Ev1oQTFzQJgt9vUIjQEr_wFbsksmRDko0iFcSbwRO4P9OQ21vz3sg6_nuN09xyydMJ.TTzxIFddcUiAuLD8nLc5PS_too3wn1zafO55PT28We0&amp;dib_tag=se&amp;keywords=lily+riding&amp;qid=1747206752&amp;sprefix=lily+r%2Caps%2C191&amp;sr=8-1\" title=\"\">Version Num\u00e9rique et kindle (Amazon)<\/a><\/p>\n","protected":false},"excerpt":{"rendered":"<p>Leur bonheur est \u00e0 port\u00e9e de doigts, encore faut-il qu\u2019ils fassent le bon choix. Commande papier sur ma boutique (18\u20ac broch\u00e9) Commande num\u00e9rique (4,99\u20ac) et kindle Tout allait bien. Jusqu\u2019\u00e0 ce que les beaux-parents d\u00e9barquent sans pr\u00e9venir. D\u00e8s leur rencontre, c\u2019est le coup de foudre entre Brad et Yanis. Les semaines passent, ils s\u2019aiment de plus en plus. Mais quand les parents de Yanis traversent l\u2019oc\u00e9an pour une visite surprise, le monde de Brad s\u2019effondre et de vieux conflits leur font encha\u00eener les mauvaises d\u00e9cisions. Non-dits, mensonges, pass\u00e9 non r\u00e9solu, Brad et Yanis r\u00e9ussiront-ils \u00e0 se retrouver ? Leur bonheur est \u00e0 port\u00e9e de doigts, encore faut-il qu\u2019ils fassent le bon choix. Lire My Loving Chocolate Version Papier Version Num\u00e9rique et kindle (Amazon)<\/p>\n","protected":false},"author":1,"featured_media":0,"parent":0,"menu_order":0,"comment_status":"closed","ping_status":"closed","template":"","meta":{"om_disable_all_campaigns":false,"_monsterinsights_skip_tracking":false,"_monsterinsights_sitenote_active":false,"_monsterinsights_sitenote_note":"","_monsterinsights_sitenote_category":0,"footnotes":""},"aioseo_notices":[],"_links":{"self":[{"href":"https:\/\/lilyriding.com\/index.php\/wp-json\/wp\/v2\/pages\/227"}],"collection":[{"href":"https:\/\/lilyriding.com\/index.php\/wp-json\/wp\/v2\/pages"}],"about":[{"href":"https:\/\/lilyriding.com\/index.php\/wp-json\/wp\/v2\/types\/page"}],"author":[{"embeddable":true,"href":"https:\/\/lilyriding.com\/index.php\/wp-json\/wp\/v2\/users\/1"}],"replies":[{"embeddable":true,"href":"https:\/\/lilyriding.com\/index.php\/wp-json\/wp\/v2\/comments?post=227"}],"version-history":[{"count":6,"href":"https:\/\/lilyriding.com\/index.php\/wp-json\/wp\/v2\/pages\/227\/revisions"}],"predecessor-version":[{"id":248,"href":"https:\/\/lilyriding.com\/index.php\/wp-json\/wp\/v2\/pages\/227\/revisions\/248"}],"wp:attachment":[{"href":"https:\/\/lilyriding.com\/index.php\/wp-json\/wp\/v2\/media?parent=227"}],"curies":[{"name":"wp","href":"https:\/\/api.w.org\/{rel}","templated":true}]}}