{"id":203,"date":"2024-12-07T13:45:52","date_gmt":"2024-12-07T12:45:52","guid":{"rendered":"https:\/\/lilyriding.com\/?page_id=203"},"modified":"2024-12-07T14:22:12","modified_gmt":"2024-12-07T13:22:12","slug":"noel-flocons-et-sentiments","status":"publish","type":"page","link":"https:\/\/lilyriding.com\/index.php\/noel-flocons-et-sentiments\/","title":{"rendered":"No\u00ebl, Flocons et Sentiments"},"content":{"rendered":"\n<div class=\"wp-block-columns is-layout-flex wp-container-core-columns-layout-1 wp-block-columns-is-layout-flex\">\n<div class=\"wp-block-column is-layout-flow wp-block-column-is-layout-flow\" style=\"flex-basis:33.33%\">\n<figure class=\"wp-block-image size-large\"><img loading=\"lazy\" decoding=\"async\" width=\"642\" height=\"1024\" src=\"https:\/\/lilyriding.com\/wp-content\/uploads\/2024\/12\/couv-recueil-licares-642x1024.jpg\" alt=\"\" class=\"wp-image-204\" srcset=\"https:\/\/lilyriding.com\/wp-content\/uploads\/2024\/12\/couv-recueil-licares-642x1024.jpg 642w, https:\/\/lilyriding.com\/wp-content\/uploads\/2024\/12\/couv-recueil-licares-188x300.jpg 188w, https:\/\/lilyriding.com\/wp-content\/uploads\/2024\/12\/couv-recueil-licares-768x1226.jpg 768w, https:\/\/lilyriding.com\/wp-content\/uploads\/2024\/12\/couv-recueil-licares-963x1536.jpg 963w, https:\/\/lilyriding.com\/wp-content\/uploads\/2024\/12\/couv-recueil-licares-1283x2048.jpg 1283w, https:\/\/lilyriding.com\/wp-content\/uploads\/2024\/12\/couv-recueil-licares-1140x1819.jpg 1140w, https:\/\/lilyriding.com\/wp-content\/uploads\/2024\/12\/couv-recueil-licares-600x957.jpg 600w, https:\/\/lilyriding.com\/wp-content\/uploads\/2024\/12\/couv-recueil-licares.jpg 1410w\" sizes=\"(max-width: 642px) 100vw, 642px\" \/><\/figure>\n<\/div>\n\n\n\n<div class=\"wp-block-column is-layout-flow wp-block-column-is-layout-flow\" style=\"flex-basis:66.66%\">\n<p>Recueil de 9 nouvelles, sur le th\u00e8me des romances de No\u00ebl<br><br>MF, MM, FF, aucun doute que vous trouverez une histoire qui mettra des coeurs dans vos yeux<\/p>\n\n\n\n<p>Disponible en num\u00e9rique gratuitement sur <a href=\"https:\/\/www.amazon.fr\/No%C3%ABl-flocons-sentiments-Soal%C3%AFs-Auvi-ebook\/dp\/B0DJGRSWJX?ref_=ast_author_dp&amp;dib=eyJ2IjoiMSJ9.z9FjoGObGfEjckcik1G2DG9Nz2yyeJcZGL5LodS-gevGjHj071QN20LucGBJIEps.EyVkaKYBUjpnQmdJjGAsCBAx1e6yFr9bZe6CixE-RWY&amp;dib_tag=AUTHOR\" title=\"\">Amazon<\/a>, <a href=\"https:\/\/books.google.fr\/books?id=91EwEQAAQBAJ&amp;newbks=0&amp;hl=fr&amp;source=newbks_fb&amp;redir_esc=y\" title=\"\">Google book<\/a>, <a href=\"https:\/\/www.kobo.com\/fr\/fr\/ebook\/noel-flocons-et-sentiments\" title=\"\">kobo<\/a> <\/p>\n<\/div>\n<\/div>\n\n\n\n<figure class=\"wp-block-image size-large\"><img loading=\"lazy\" decoding=\"async\" width=\"1024\" height=\"1024\" src=\"https:\/\/lilyriding.com\/wp-content\/uploads\/2024\/12\/Un-Noel-au-cour-de-Londres-1024x1024.png\" alt=\"\" class=\"wp-image-205\" srcset=\"https:\/\/lilyriding.com\/wp-content\/uploads\/2024\/12\/Un-Noel-au-cour-de-Londres-1024x1024.png 1024w, https:\/\/lilyriding.com\/wp-content\/uploads\/2024\/12\/Un-Noel-au-cour-de-Londres-300x300.png 300w, https:\/\/lilyriding.com\/wp-content\/uploads\/2024\/12\/Un-Noel-au-cour-de-Londres-150x150.png 150w, https:\/\/lilyriding.com\/wp-content\/uploads\/2024\/12\/Un-Noel-au-cour-de-Londres-768x768.png 768w, https:\/\/lilyriding.com\/wp-content\/uploads\/2024\/12\/Un-Noel-au-cour-de-Londres-75x75.png 75w, https:\/\/lilyriding.com\/wp-content\/uploads\/2024\/12\/Un-Noel-au-cour-de-Londres-600x600.png 600w, https:\/\/lilyriding.com\/wp-content\/uploads\/2024\/12\/Un-Noel-au-cour-de-Londres-100x100.png 100w, https:\/\/lilyriding.com\/wp-content\/uploads\/2024\/12\/Un-Noel-au-cour-de-Londres.png 1080w\" sizes=\"(max-width: 1024px) 100vw, 1024px\" \/><\/figure>\n\n\n\n<hr class=\"wp-block-separator has-alpha-channel-opacity\"\/>\n\n\n\n<p class=\"has-text-align-center\"><em><strong>Les lecteurs en parlent<\/strong><\/em><\/p>\n\n\n\n<figure class=\"wp-block-image size-large\"><img loading=\"lazy\" decoding=\"async\" width=\"1024\" height=\"352\" src=\"https:\/\/lilyriding.com\/wp-content\/uploads\/2024\/12\/Capture-decran-2024-12-07-a-13.42.27-1024x352.png\" alt=\"\" class=\"wp-image-206\" srcset=\"https:\/\/lilyriding.com\/wp-content\/uploads\/2024\/12\/Capture-decran-2024-12-07-a-13.42.27-1024x352.png 1024w, https:\/\/lilyriding.com\/wp-content\/uploads\/2024\/12\/Capture-decran-2024-12-07-a-13.42.27-300x103.png 300w, https:\/\/lilyriding.com\/wp-content\/uploads\/2024\/12\/Capture-decran-2024-12-07-a-13.42.27-768x264.png 768w, https:\/\/lilyriding.com\/wp-content\/uploads\/2024\/12\/Capture-decran-2024-12-07-a-13.42.27-1140x392.png 1140w, https:\/\/lilyriding.com\/wp-content\/uploads\/2024\/12\/Capture-decran-2024-12-07-a-13.42.27-600x206.png 600w, https:\/\/lilyriding.com\/wp-content\/uploads\/2024\/12\/Capture-decran-2024-12-07-a-13.42.27.png 1418w\" sizes=\"(max-width: 1024px) 100vw, 1024px\" \/><\/figure>\n\n\n\n<figure class=\"wp-block-image size-large\"><img loading=\"lazy\" decoding=\"async\" width=\"1024\" height=\"419\" src=\"https:\/\/lilyriding.com\/wp-content\/uploads\/2024\/12\/Capture-decran-2024-12-07-a-13.44.50-1024x419.png\" alt=\"\" class=\"wp-image-207\" srcset=\"https:\/\/lilyriding.com\/wp-content\/uploads\/2024\/12\/Capture-decran-2024-12-07-a-13.44.50-1024x419.png 1024w, https:\/\/lilyriding.com\/wp-content\/uploads\/2024\/12\/Capture-decran-2024-12-07-a-13.44.50-300x123.png 300w, https:\/\/lilyriding.com\/wp-content\/uploads\/2024\/12\/Capture-decran-2024-12-07-a-13.44.50-768x315.png 768w, https:\/\/lilyriding.com\/wp-content\/uploads\/2024\/12\/Capture-decran-2024-12-07-a-13.44.50-1536x629.png 1536w, https:\/\/lilyriding.com\/wp-content\/uploads\/2024\/12\/Capture-decran-2024-12-07-a-13.44.50-1140x467.png 1140w, https:\/\/lilyriding.com\/wp-content\/uploads\/2024\/12\/Capture-decran-2024-12-07-a-13.44.50-600x246.png 600w, https:\/\/lilyriding.com\/wp-content\/uploads\/2024\/12\/Capture-decran-2024-12-07-a-13.44.50.png 1914w\" sizes=\"(max-width: 1024px) 100vw, 1024px\" \/><\/figure>\n\n\n\n<div class=\"wp-block-group alignfull has-small-font-size is-content-justification-space-between is-nowrap is-layout-flex wp-container-core-group-layout-2 wp-block-group-is-layout-flex\">\n\n\n<div class=\"wp-block-group wp-container-content-2 is-vertical is-content-justification-center is-layout-flex wp-container-core-group-layout-1 wp-block-group-is-layout-flex\">\n<p class=\"has-text-align-center has-small-font-size\"> <\/p>\n\n\n\n<div class=\"wp-block-buttons is-layout-flex wp-block-buttons-is-layout-flex\">\n<div class=\"wp-block-button\"><a class=\"wp-block-button__link wp-element-button\" href=\"https:\/\/e97b6bcc.sibforms.com\/serve\/MUIFAFtGu3bCqZQ1xRsKd3ROGEQkyKvFt3Bab2wta7tWnTfUKa3c1ugXVX9eT_cVtZnaEBQWHcFMfYWo57Ejg4117y2jQTcYBEM8CuHx-DQvIF72SPINcvqT5mwmIl-viukRAwb8nr6-ew71l2dsc99Zs01aNATwa83lMlVFISfDUEeap4TF7TkPqey8ltjkOQwVHc1zj8y6zRFF\"><strong>Je m&#8217;inscris \u00e0 la newsletter<\/strong><\/a><\/div>\n<\/div>\n\n\n\n<p class=\"has-text-align-center has-small-font-size\">Proudly powered by <a href=\"https:\/\/wordpress.org\" rel=\"nofollow\">WordPress<\/a> <\/p>\n<\/div>\n\n\n\n<ul class=\"wp-block-social-links has-small-icon-size is-style-logos-only wp-container-content-3 is-content-justification-left is-nowrap is-layout-flex wp-container-core-social-links-layout-1 wp-block-social-links-is-layout-flex\"><li class=\"wp-social-link wp-social-link-instagram  wp-block-social-link\"><a href=\"https:\/\/www.instagram.com\/lily.riding.romance\/\" class=\"wp-block-social-link-anchor\"><svg width=\"24\" height=\"24\" viewBox=\"0 0 24 24\" version=\"1.1\" xmlns=\"http:\/\/www.w3.org\/2000\/svg\" aria-hidden=\"true\" focusable=\"false\"><path d=\"M12,4.622c2.403,0,2.688,0.009,3.637,0.052c0.877,0.04,1.354,0.187,1.671,0.31c0.42,0.163,0.72,0.358,1.035,0.673 c0.315,0.315,0.51,0.615,0.673,1.035c0.123,0.317,0.27,0.794,0.31,1.671c0.043,0.949,0.052,1.234,0.052,3.637 s-0.009,2.688-0.052,3.637c-0.04,0.877-0.187,1.354-0.31,1.671c-0.163,0.42-0.358,0.72-0.673,1.035 c-0.315,0.315-0.615,0.51-1.035,0.673c-0.317,0.123-0.794,0.27-1.671,0.31c-0.949,0.043-1.233,0.052-3.637,0.052 s-2.688-0.009-3.637-0.052c-0.877-0.04-1.354-0.187-1.671-0.31c-0.42-0.163-0.72-0.358-1.035-0.673 c-0.315-0.315-0.51-0.615-0.673-1.035c-0.123-0.317-0.27-0.794-0.31-1.671C4.631,14.688,4.622,14.403,4.622,12 s0.009-2.688,0.052-3.637c0.04-0.877,0.187-1.354,0.31-1.671c0.163-0.42,0.358-0.72,0.673-1.035 c0.315-0.315,0.615-0.51,1.035-0.673c0.317-0.123,0.794-0.27,1.671-0.31C9.312,4.631,9.597,4.622,12,4.622 M12,3 C9.556,3,9.249,3.01,8.289,3.054C7.331,3.098,6.677,3.25,6.105,3.472C5.513,3.702,5.011,4.01,4.511,4.511 c-0.5,0.5-0.808,1.002-1.038,1.594C3.25,6.677,3.098,7.331,3.054,8.289C3.01,9.249,3,9.556,3,12c0,2.444,0.01,2.751,0.054,3.711 c0.044,0.958,0.196,1.612,0.418,2.185c0.23,0.592,0.538,1.094,1.038,1.594c0.5,0.5,1.002,0.808,1.594,1.038 c0.572,0.222,1.227,0.375,2.185,0.418C9.249,20.99,9.556,21,12,21s2.751-0.01,3.711-0.054c0.958-0.044,1.612-0.196,2.185-0.418 c0.592-0.23,1.094-0.538,1.594-1.038c0.5-0.5,0.808-1.002,1.038-1.594c0.222-0.572,0.375-1.227,0.418-2.185 C20.99,14.751,21,14.444,21,12s-0.01-2.751-0.054-3.711c-0.044-0.958-0.196-1.612-0.418-2.185c-0.23-0.592-0.538-1.094-1.038-1.594 c-0.5-0.5-1.002-0.808-1.594-1.038c-0.572-0.222-1.227-0.375-2.185-0.418C14.751,3.01,14.444,3,12,3L12,3z M12,7.378 c-2.552,0-4.622,2.069-4.622,4.622S9.448,16.622,12,16.622s4.622-2.069,4.622-4.622S14.552,7.378,12,7.378z M12,15 c-1.657,0-3-1.343-3-3s1.343-3,3-3s3,1.343,3,3S13.657,15,12,15z M16.804,6.116c-0.596,0-1.08,0.484-1.08,1.08 s0.484,1.08,1.08,1.08c0.596,0,1.08-0.484,1.08-1.08S17.401,6.116,16.804,6.116z\"><\/path><\/svg><span class=\"wp-block-social-link-label screen-reader-text\">Instagram<\/span><\/a><\/li>\n\n<li class=\"wp-social-link wp-social-link-amazon  wp-block-social-link\"><a href=\"https:\/\/www.amazon.fr\/stores\/author\/B0D4RDBPKJ\/allbooks\" class=\"wp-block-social-link-anchor\"><svg width=\"24\" height=\"24\" viewBox=\"0 0 24 24\" version=\"1.1\" xmlns=\"http:\/\/www.w3.org\/2000\/svg\" aria-hidden=\"true\" focusable=\"false\"><path d=\"M13.582,8.182C11.934,8.367,9.78,8.49,8.238,9.166c-1.781,0.769-3.03,2.337-3.03,4.644 c0,2.953,1.86,4.429,4.253,4.429c2.02,0,3.125-0.477,4.685-2.065c0.516,0.747,0.685,1.109,1.629,1.894 c0.212,0.114,0.483,0.103,0.672-0.066l0.006,0.006c0.567-0.505,1.599-1.401,2.18-1.888c0.231-0.188,0.19-0.496,0.009-0.754 c-0.52-0.718-1.072-1.303-1.072-2.634V8.305c0-1.876,0.133-3.599-1.249-4.891C15.23,2.369,13.422,2,12.04,2 C9.336,2,6.318,3.01,5.686,6.351C5.618,6.706,5.877,6.893,6.109,6.945l2.754,0.298C9.121,7.23,9.308,6.977,9.357,6.72 c0.236-1.151,1.2-1.706,2.284-1.706c0.584,0,1.249,0.215,1.595,0.738c0.398,0.584,0.346,1.384,0.346,2.061V8.182z M13.049,14.088 c-0.451,0.8-1.169,1.291-1.967,1.291c-1.09,0-1.728-0.83-1.728-2.061c0-2.42,2.171-2.86,4.227-2.86v0.615 C13.582,12.181,13.608,13.104,13.049,14.088z M20.683,19.339C18.329,21.076,14.917,22,11.979,22c-4.118,0-7.826-1.522-10.632-4.057 c-0.22-0.199-0.024-0.471,0.241-0.317c3.027,1.762,6.771,2.823,10.639,2.823c2.608,0,5.476-0.541,8.115-1.66 C20.739,18.62,21.072,19.051,20.683,19.339z M21.336,21.043c-0.194,0.163-0.379,0.076-0.293-0.139 c0.284-0.71,0.92-2.298,0.619-2.684c-0.301-0.386-1.99-0.183-2.749-0.092c-0.23,0.027-0.266-0.173-0.059-0.319 c1.348-0.946,3.555-0.673,3.811-0.356C22.925,17.773,22.599,19.986,21.336,21.043z\"><\/path><\/svg><span class=\"wp-block-social-link-label screen-reader-text\">Amazon<\/span><\/a><\/li>\n\n<li class=\"wp-social-link wp-social-link-facebook  wp-block-social-link\"><a href=\"https:\/\/www.facebook.com\/profile.php?id=61558798461423\" class=\"wp-block-social-link-anchor\"><svg width=\"24\" height=\"24\" viewBox=\"0 0 24 24\" version=\"1.1\" xmlns=\"http:\/\/www.w3.org\/2000\/svg\" aria-hidden=\"true\" focusable=\"false\"><path d=\"M12 2C6.5 2 2 6.5 2 12c0 5 3.7 9.1 8.4 9.9v-7H7.9V12h2.5V9.8c0-2.5 1.5-3.9 3.8-3.9 1.1 0 2.2.2 2.2.2v2.5h-1.3c-1.2 0-1.6.8-1.6 1.6V12h2.8l-.4 2.9h-2.3v7C18.3 21.1 22 17 22 12c0-5.5-4.5-10-10-10z\"><\/path><\/svg><span class=\"wp-block-social-link-label screen-reader-text\">Facebook<\/span><\/a><\/li><\/ul>\n<\/div>\n","protected":false},"excerpt":{"rendered":"<p>Recueil de 9 nouvelles, sur le th\u00e8me des romances de No\u00ebl MF, MM, FF, aucun doute que vous trouverez une histoire qui mettra des coeurs dans vos yeux Disponible en num\u00e9rique gratuitement sur Amazon, Google book, kobo Les lecteurs en parlent<\/p>\n","protected":false},"author":1,"featured_media":0,"parent":0,"menu_order":0,"comment_status":"closed","ping_status":"closed","template":"","meta":{"om_disable_all_campaigns":false,"_monsterinsights_skip_tracking":false,"_monsterinsights_sitenote_active":false,"_monsterinsights_sitenote_note":"","_monsterinsights_sitenote_category":0,"footnotes":""},"aioseo_notices":[],"_links":{"self":[{"href":"https:\/\/lilyriding.com\/index.php\/wp-json\/wp\/v2\/pages\/203"}],"collection":[{"href":"https:\/\/lilyriding.com\/index.php\/wp-json\/wp\/v2\/pages"}],"about":[{"href":"https:\/\/lilyriding.com\/index.php\/wp-json\/wp\/v2\/types\/page"}],"author":[{"embeddable":true,"href":"https:\/\/lilyriding.com\/index.php\/wp-json\/wp\/v2\/users\/1"}],"replies":[{"embeddable":true,"href":"https:\/\/lilyriding.com\/index.php\/wp-json\/wp\/v2\/comments?post=203"}],"version-history":[{"count":2,"href":"https:\/\/lilyriding.com\/index.php\/wp-json\/wp\/v2\/pages\/203\/revisions"}],"predecessor-version":[{"id":211,"href":"https:\/\/lilyriding.com\/index.php\/wp-json\/wp\/v2\/pages\/203\/revisions\/211"}],"wp:attachment":[{"href":"https:\/\/lilyriding.com\/index.php\/wp-json\/wp\/v2\/media?parent=203"}],"curies":[{"name":"wp","href":"https:\/\/api.w.org\/{rel}","templated":true}]}}