{"id":119,"date":"2024-09-09T09:15:06","date_gmt":"2024-09-09T07:15:06","guid":{"rendered":"https:\/\/lilyriding.com\/?page_id=119"},"modified":"2024-10-04T09:44:32","modified_gmt":"2024-10-04T07:44:32","slug":"lecteurs-vip","status":"publish","type":"page","link":"https:\/\/lilyriding.com\/index.php\/lecteurs-vip\/","title":{"rendered":"Lecteurs VIP"},"content":{"rendered":"\n<p>Amoureux de la romance :<\/p>\n\n\n\n<p>Tu aimes sentir ton <strong><mark style=\"background-color:rgba(0, 0, 0, 0)\" class=\"has-inline-color has-vivid-purple-color\">coeur battre<\/mark><\/strong> pour ce couple qui se cr\u00e9\u00e9 ? Tu aimes lire des <strong><mark style=\"background-color:rgba(0, 0, 0, 0)\" class=\"has-inline-color has-vivid-purple-color\">bonus gratuits exclusifs<\/mark><\/strong> ? Tu aimes avoir des infos en <strong><mark style=\"background-color:rgba(0, 0, 0, 0)\" class=\"has-inline-color has-vivid-purple-color\">avant-premi\u00e8re<\/mark><\/strong> ? Tu veux d\u00e9couvrir  les <mark style=\"background-color:rgba(0, 0, 0, 0)\" class=\"has-inline-color has-vivid-purple-color\"><strong>coulisses<\/strong> <\/mark>de mon activit\u00e9 d&#8217;auteur ? Tu aimes les jeux, les concours avec des lots \u00e0 <strong><mark style=\"background-color:rgba(0, 0, 0, 0)\" class=\"has-inline-color has-vivid-purple-color\">gagner<\/mark><\/strong> ? <\/p>\n\n\n\n<p>Rejoins la Newsletter : <\/p>\n\n\n\n<div class=\"wp-block-columns is-layout-flex wp-container-core-columns-layout-1 wp-block-columns-is-layout-flex\">\n<div class=\"wp-block-column is-layout-flow wp-block-column-is-layout-flow\" style=\"flex-basis:33.33%\">\n<p><\/p>\n\n\n\n<p class=\"has-text-align-left\">Tu recevras des infos sur mes <strong><mark style=\"background-color:rgba(0, 0, 0, 0)\" class=\"has-inline-color has-vivid-purple-color\">sorties<\/mark><\/strong> et les <strong><mark style=\"background-color:rgba(0, 0, 0, 0)\" class=\"has-inline-color has-vivid-purple-color\">promos<\/mark><\/strong>, les <strong><mark style=\"background-color:rgba(0, 0, 0, 0)\" class=\"has-inline-color has-vivid-purple-color\">coulisses de l&#8217;\u00e9criture<\/mark><\/strong>, les <strong><mark style=\"background-color:rgba(0, 0, 0, 0)\" class=\"has-inline-color has-vivid-purple-color\">premiers chapitres<\/mark><\/strong> de mes romans en <strong><mark style=\"background-color:rgba(0, 0, 0, 0)\" class=\"has-inline-color has-vivid-purple-color\">exclusivit\u00e9 avant leur sortie<\/mark><\/strong><\/p>\n<\/div>\n\n\n\n<div class=\"wp-block-column is-layout-flow wp-block-column-is-layout-flow\" style=\"flex-basis:66.66%\">\n<figure class=\"wp-block-image size-large is-resized\"><img loading=\"lazy\" decoding=\"async\" width=\"1024\" height=\"683\" src=\"http:\/\/lilyriding.com\/wp-content\/uploads\/2024\/06\/book-with-its-pages-shaping-as-heart-1024x683.jpg\" alt=\"\" class=\"wp-image-18\" style=\"width:420px;height:auto\" srcset=\"https:\/\/lilyriding.com\/wp-content\/uploads\/2024\/06\/book-with-its-pages-shaping-as-heart-1024x683.jpg 1024w, https:\/\/lilyriding.com\/wp-content\/uploads\/2024\/06\/book-with-its-pages-shaping-as-heart-300x200.jpg 300w, https:\/\/lilyriding.com\/wp-content\/uploads\/2024\/06\/book-with-its-pages-shaping-as-heart-768x512.jpg 768w, https:\/\/lilyriding.com\/wp-content\/uploads\/2024\/06\/book-with-its-pages-shaping-as-heart-1536x1024.jpg 1536w, https:\/\/lilyriding.com\/wp-content\/uploads\/2024\/06\/book-with-its-pages-shaping-as-heart-2048x1365.jpg 2048w, https:\/\/lilyriding.com\/wp-content\/uploads\/2024\/06\/book-with-its-pages-shaping-as-heart-1140x760.jpg 1140w, https:\/\/lilyriding.com\/wp-content\/uploads\/2024\/06\/book-with-its-pages-shaping-as-heart-600x400.jpg 600w\" sizes=\"(max-width: 1024px) 100vw, 1024px\" \/><\/figure>\n<\/div>\n<\/div>\n\n\n\n<p class=\"has-text-align-center\">Actualit\u00e9, cadeaux, bonus exclusifs :  <\/p>\n\n\n\n<div class=\"wp-block-group alignfull has-text-color has-background is-layout-flow wp-block-group-is-layout-flow\" style=\"color:#000000;background-color:#ffffff\"><div class=\"wp-block-group__inner-container\">\n<div class=\"wp-block-buttons is-horizontal is-content-justification-center is-layout-flex wp-container-core-buttons-layout-1 wp-block-buttons-is-layout-flex\">\n<div class=\"wp-block-button has-custom-width wp-block-button__width-50 is-style-outline\"><a class=\"wp-block-button__link has-text-color has-background wp-element-button\" href=\"https:\/\/e97b6bcc.sibforms.com\/serve\/MUIFAALf0A3dJKZQtl7jXsBQx4Lu_XMTNxmyeVqftXTwiWXM1Wjaomixxtp18r_1TPB7LHMftuHNaIOIJ2kriEI0q-JJFYHWN-Ccj0gaM8N3bujrXkRnPEQGOBgmYIu7eh1Dx-5ZkdH4iqLEde4se16VLLM2Nuo4pscf4rnt8bUftmZQIATS3-ID1pM8BGo2QE26Bt_EcloffgEz\" style=\"border-radius:50px;color:#ffffff;background-color:#000000\"><mark style=\"background-color:rgba(0, 0, 0, 0)\" class=\"has-inline-color has-white-color\">Rejoins la <em>LilyNews<\/em><\/mark><\/a><\/div>\n<\/div>\n\n\n\n<h2 class=\"wp-block-heading has-text-align-center has-small-font-size\"> <\/h2>\n<\/div><\/div>\n\n\n\n<div class=\"wp-block-query is-layout-flow wp-block-query-is-layout-flow\"><ul class=\"wp-block-post-template is-layout-flow wp-block-post-template-is-layout-flow\"><li class=\"wp-block-post post-1 post type-post status-publish format-standard hentry category-blog\">\n\n<div class=\"wp-block-columns are-vertically-aligned-center is-layout-flex wp-container-core-columns-layout-2 wp-block-columns-is-layout-flex\">\n<div class=\"wp-block-column is-layout-flow wp-block-column-is-layout-flow\" style=\"flex-basis:33.33%\">\n<figure class=\"wp-block-image size-full\"><img loading=\"lazy\" decoding=\"async\" width=\"482\" height=\"726\" src=\"http:\/\/lilyriding.com\/wp-content\/uploads\/2024\/07\/My-Christmas-Chocolate-couv-2.png\" alt=\"\" class=\"wp-image-86\" srcset=\"https:\/\/lilyriding.com\/wp-content\/uploads\/2024\/07\/My-Christmas-Chocolate-couv-2.png 482w, https:\/\/lilyriding.com\/wp-content\/uploads\/2024\/07\/My-Christmas-Chocolate-couv-2-199x300.png 199w\" sizes=\"(max-width: 482px) 100vw, 482px\" \/><\/figure>\n<\/div>\n\n\n\n<div class=\"wp-block-column is-layout-flow wp-block-column-is-layout-flow\" style=\"flex-basis:66.66%\">\n<p>Et re\u00e7ois <strong><mark style=\"background-color:rgba(0, 0, 0, 0)\" class=\"has-inline-color has-vivid-red-color\">gratuitement<\/mark><\/strong> Les deux premiers chapitres de My Christmas Chocolate<\/p>\n<\/div>\n<\/div>\n\n<\/li><\/ul><\/div>\n","protected":false},"excerpt":{"rendered":"<p>Amoureux de la romance : Tu aimes sentir ton coeur battre pour ce couple qui se cr\u00e9\u00e9 ? Tu aimes lire des bonus gratuits exclusifs ? Tu aimes avoir des infos en avant-premi\u00e8re ? Tu veux d\u00e9couvrir les coulisses de mon activit\u00e9 d&#8217;auteur ? Tu aimes les jeux, les concours avec des lots \u00e0 gagner ? Rejoins la Newsletter : Tu recevras des infos sur mes sorties et les promos, les coulisses de l&#8217;\u00e9criture, les premiers chapitres de mes romans en exclusivit\u00e9 avant leur sortie Actualit\u00e9, cadeaux, bonus exclusifs :<\/p>\n","protected":false},"author":1,"featured_media":0,"parent":0,"menu_order":0,"comment_status":"closed","ping_status":"closed","template":"","meta":{"om_disable_all_campaigns":false,"_monsterinsights_skip_tracking":false,"_monsterinsights_sitenote_active":false,"_monsterinsights_sitenote_note":"","_monsterinsights_sitenote_category":0,"footnotes":""},"aioseo_notices":[],"_links":{"self":[{"href":"https:\/\/lilyriding.com\/index.php\/wp-json\/wp\/v2\/pages\/119"}],"collection":[{"href":"https:\/\/lilyriding.com\/index.php\/wp-json\/wp\/v2\/pages"}],"about":[{"href":"https:\/\/lilyriding.com\/index.php\/wp-json\/wp\/v2\/types\/page"}],"author":[{"embeddable":true,"href":"https:\/\/lilyriding.com\/index.php\/wp-json\/wp\/v2\/users\/1"}],"replies":[{"embeddable":true,"href":"https:\/\/lilyriding.com\/index.php\/wp-json\/wp\/v2\/comments?post=119"}],"version-history":[{"count":4,"href":"https:\/\/lilyriding.com\/index.php\/wp-json\/wp\/v2\/pages\/119\/revisions"}],"predecessor-version":[{"id":145,"href":"https:\/\/lilyriding.com\/index.php\/wp-json\/wp\/v2\/pages\/119\/revisions\/145"}],"wp:attachment":[{"href":"https:\/\/lilyriding.com\/index.php\/wp-json\/wp\/v2\/media?parent=119"}],"curies":[{"name":"wp","href":"https:\/\/api.w.org\/{rel}","templated":true}]}}